{"id":3,"date":"2024-04-19T21:00:58","date_gmt":"2024-04-19T21:00:58","guid":{"rendered":"https:\/\/beta.recru.it\/?page_id=3"},"modified":"2024-07-12T21:11:54","modified_gmt":"2024-07-12T20:11:54","slug":"privacy-aziende","status":"publish","type":"page","link":"https:\/\/www.recru.it\/?page_id=3","title":{"rendered":"Privacy Aziende"},"content":{"rendered":"\r\n<ol>\r\n<li><strong>Che dati trattiamo:<\/strong><\/li>\r\n<\/ol>\r\n<p>I dati personali trattati sono dati anagrafici e di contatto, forniti o ricevuti dall\u2019interessato in occasione di:<\/p>\r\n<ul>\r\n<li>Iscrizione al portale job on cloud all\u2019interno dei siti sopra citati;<\/li>\r\n<li>Telefonate o email;<\/li>\r\n<li>Contatti diretti ottenuti a seguito della partecipazione ad eventi, ecc.;<\/li>\r\n<li>Contatti diretti a seguito dell\u2019invio di richieste tramite l\u2019indirizzo di posta elettronica presente sui siti internet;<\/li>\r\n<li>Richieste di informazioni commerciali;<\/li>\r\n<li>Richieste tramite i siti internet sopra citati o tramite il sito internet di fornitori, clienti, partner e altri soggetti;<\/li>\r\n<li>Trasmissioni e transazioni successive all\u2019ordine di fornitura del servizio o del bene (fornito\/acquistato);<\/li>\r\n<li>Inviti ad eventi relativi ad iniziative commerciali, fiere, eventi, ecc;<\/li>\r\n<li>Acquisizione dei dato da terzi come disciplinato dall\u2019art 14 del GDPR 679\/16<\/li>\r\n<\/ul>\r\n<p>&nbsp;<\/p>\r\n<ol start=\"2\">\r\n<li><strong>Per quali finalit\u00e0:<\/strong><\/li>\r\n<\/ol>\r\n<p>I dati personali delle persone fisiche che operano in nome e per conto dei fornitori, dei clienti, dei partner e di altri soggetti sono trattati per:<\/p>\r\n<ul>\r\n<li>Offrire i servizi indicati nei siti e meglio specificati nel contratto che viene stipulato tra le parti;<\/li>\r\n<li>Mettere in contatto domanda e offerta di stage, domanda e offerta di lavoro;<\/li>\r\n<li>Erogare servizi di formazione:<\/li>\r\n<li>Inoltrare comunicazioni con diversi mezzi di comunicazione (telefono, sms, email, fax, posta cartacea, ecc.);<\/li>\r\n<li>Formulare richieste o evadere richieste pervenute;<\/li>\r\n<li>Scambiare informazioni finalizzate all\u2019esecuzione del rapporto contrattuale, ivi comprese le attivit\u00e0 pre e post contrattuali, tra cui anche quelle di assistenza;<\/li>\r\n<li>Dare esecuzione presso Enti Pubblici o Privati agli adempimenti connessi o strumentali al servizio se previsti;<\/li>\r\n<li>Dare esecuzione di obblighi previsti da leggi, regolamenti o dalla normativa comunitaria, nonch\u00e9 per ottemperare a provvedimenti emanati da pubbliche Autorit\u00e0 a ci\u00f2 legittimate o da organi di vigilanza e di controllo a cui sono soggette le Societ\u00e0 (ad es. ad accertamenti di carattere tributario ecc.);<\/li>\r\n<li>Utilizzare i dati per finalit\u00e0 accessorie quali le \u201cNews Alert\u201d via email o via sms;<\/li>\r\n<li>Effettuare statistiche e ricerche di mercatoal fine di comprendere meglio le esigenze degli utenti e per poter ottimizzare il servizio offerto. In tal caso i dati saranno utilizzati in forma anonima.<\/li>\r\n<\/ul>\r\n<p>L\u2019interessato pu\u00f2 rifiutarsi di conferire alle Societ\u00e0 i suoi dati personali. Il conferimento dei dati personali \u00e8 per\u00f2 necessario per una corretta ed efficiente gestione del rapporto contrattuale verso fornitori, clienti, partner e di altri soggetti coinvolti nelle attivit\u00e0 delle Societ\u00e0. Pertanto, un eventuale rifiuto al conferimento potr\u00e0 compromettere in tutto o in parte il rapporto contrattuale stesso o le attivit\u00e0 pre e post contrattuali.<\/p>\r\n<p>&nbsp;<\/p>\r\n<ol start=\"3\">\r\n<li><strong>Base giuridica:<\/strong><\/li>\r\n<\/ol>\r\n<p>I dati saranno comunicati ai dipendenti\/collaboratori delle Societ\u00e0 che contatto con l\u2019interessato per permettere l\u2019esecuzione del contratto o di misure precontrattuali o post contrattuali adottate su richiesta del fornitore, del cliente, del partner, di altri soggetti o delle Societ\u00e0 ai sensi dell\u2019art. 6.1, lett. b) del GDPR, ovvero per l\u2019adempimento di un obbligo legale ai sensi dell\u2019art. 6.1, lett. c) del GDPR,\u00a0nonch\u00e9 per permettere tutti i relativi adempimenti fiscali e contabili. I dati saranno inoltre comunicati ai gestori dei portali utilizzati dalle Societ\u00e0 al fine di promuovere le attivit\u00e0 di ricerca.<\/p>\r\n<p>&nbsp;<\/p>\r\n<ol start=\"4\">\r\n<li><strong>Come trattiamo i dati:<\/strong><\/li>\r\n<\/ol>\r\n<p>I dati degli interessati verranno trattati nel rispetto dei principi di liceit\u00e0 correttezza e trasparenza, utilizzando strumenti manuali o automatizzati anche mediante l\u2019inserimento in banche dati, elenchi e liste idonei alla memorizzazione, gestione e trasmissione dei dati,nei modi e nei limiti necessari al perseguimento delle predette finalit\u00e0.<\/p>\r\n<p>Le Societ\u00e0 hanno previsto adeguate misure di sicurezza al fine di tutelare i dati delle\u00a0<u>persone fisiche<\/u>che operano in nome e per conto dei fornitori, dei clienti, dei partner e di altri soggetti, come: firewall,antivirus,password di elevata complessit\u00e0 con cambio periodico.<\/p>\r\n<p>I dati personali oggetto di trattamento saranno custoditi in modo da ridurre al minimo, mediante l\u2019adozione di adeguate misure tecniche ed organizzative, nonch\u00e8 idonee e preventive misure di sicurezza, i rischi di distruzione o perdita, anche accidentale, dei dati stessi, di accesso non autorizzato o di trattamento non consentito o non conforme alle finalit\u00e0 della raccolta precedentemente illustrate.<\/p>\r\n<p>I dati saranno trattati esclusivamente da persone autorizzate al trattamento all\u2019interno delle Societ\u00e0, in relazione alla finalit\u00e0 del trattamento.<\/p>\r\n<p><strong>\u00a0<\/strong><\/p>\r\n<ol start=\"5\">\r\n<li><strong>Perch\u00e9 la natura del conferimento dei dati \u00e8 obbligatoria:<\/strong><\/li>\r\n<\/ol>\r\n<p>Il conferimento di tali dati \u00e8 obbligatorio per poter usufruire dei servizi offerti dalle Societ\u00e0. Nel caso in cui non venga fornito il consenso al trattamento dei dati non sar\u00e0 possibile per le Societ\u00e0 provvedere all\u2019attivazione dei servizi.<\/p>\r\n<p>Il conferimento dei dati sopra indicati \u00e8 inoltre obbligatorio per ricevere newsletter (per la quale viene richiesta una specifica autorizzazione) per aggiornamenti su eventuali nuovi servizi\u00a0(selezione, formazione, orientamento)\u00a0forniti dalle Societ\u00e0 o per informazione di eventi e notizie in merito alle nostre attivit\u00e0: attraverso la newsletter\u00a0<em>ACTL Sportello Stage, Recruit e Job Farm<\/em>potranno pertanto essere inviati all\u2019interessato materiale informativo e\/o promozionale, nonch\u00e9 inviti ad eventi formativi e informativi, quali convegni, presentazioni, corsi di aggiornamento, seminari etc.<\/p>\r\n<p>&nbsp;<\/p>\r\n<ol start=\"6\">\r\n<li><strong>Quali sono le categorie dei soggetti\u00a0<\/strong><strong>ai quali i dati possono essere comunicati:<\/strong><\/li>\r\n<\/ol>\r\n<p>I dati personali trattati dalle Societ\u00e0, i dati relativi a stage o posizioni di lavoro potranno essere diffusi tramite internet (portali di\u00a0<em>recruiting<\/em>on line) al fine di promuovere la ricerca dei profili richiesti.<\/p>\r\n<p>Potranno, poi, essere comunicati ai lavoratori delle Societ\u00e0 e ad alcuni soggetti esterni che con essi collaborano, sempre nel rispetto delle finalit\u00e0 indicate di cui al punto 2. In particolare, si tratta di dipendenti\/collaboratori che, sulla base dei ruoli e delle mansioni lavorative espletate, sono stati legittimati a trattare i dati personali, formati a farlo nei limiti delle loro competenze ed in conformit\u00e0 alle istruzioni ad essi impartite dal Titolare. Potranno, inoltre, essere comunicati, nei limiti strettamente necessari, ai soggetti che per finalit\u00e0 di emissione dei nostri ordini o richieste di informazioni e preventivi o formulazioni di offerte, nostre prestazioni, debbano fornire\/consegnare beni e\/o eseguire\/ricevere su nostro incarico o su incarico dell\u2019interessato prestazioni o servizi. Ai dati potrebbero accedere (per finalit\u00e0 di assistenza sugli applicativi software, sulle reti informatiche e per la connettivit\u00e0) nostri tecnici incaricati o consulenti esterni o incaricati di societ\u00e0 che forniscono tali servizi; soggetti che esercitano attivit\u00e0 di controllosull\u2019operato delle Societ\u00e0 (a titolo di esempio: Revisori dei conti, Organismo di Vigilanza, personale degli enti di certificazione ecc).<\/p>\r\n<p>Infine, potranno essere comunicati ai soggetti legittimati ad accedervi in forza di disposizioni di legge, regolamenti, normative comunitarie.L\u2019elenco aggiornato dei responsabili del trattamento, ove richiesto, \u00e8 disponibile presso le sedi delle Societ\u00e0 sopra indicate.<\/p>\r\n<p>Le Societ\u00e0, tramite i siti\u00a0<a href=\"http:\/\/www.actl.it\/\" target=\"_blank\" rel=\"noopener\">www.actl.it<\/a>,\u00a0<a href=\"http:\/\/www.sportellostage.it\/\" target=\"_blank\" rel=\"noopener\">www.sportellostage.it<\/a>\u00a0,\u00a0<a href=\"https:\/\/www.recru.it\/\">www.recru.it<\/a>\u00a0e\u00a0<a href=\"http:\/\/www.jobfarm.it\/\" target=\"_blank\" rel=\"noopener\">www.jobfarm.it<\/a>, potranno rendere noti a terzi i dati personali raccolti solo per le finalit\u00e0 strettamente connesse ai servizi forniti.<\/p>\r\n<p>I dati forniti potranno essere pertanto comunicati a:<\/p>\r\n<ul>\r\n<li>Professionisti, societ\u00e0 o studi professionali che, per conto delle Societ\u00e0, svolgano attivit\u00e0 di consulenza, assistenza, gestione contabile e fiscale<\/li>\r\n<li>Societ\u00e0 terze per l\u2019adempimento di obblighi contrattuali<\/li>\r\n<li>Istituti bancari per la gestione di pagamenti derivanti dall\u2019esecuzione del contratto<\/li>\r\n<li>Altri portali di recruiting on line con i quali le Societ\u00e0 hanno collaborazioni attive al fine di promuovere la ricerca delle posizioni richieste<\/li>\r\n<li>Societ\u00e0 che svolgono attivit\u00e0 di trasmissione, imbustamento, trasporto, smistamento e consegna delle comunicazioni e della corrispondenza per conto terzi.<\/li>\r\n<\/ul>\r\n<p>&nbsp;<\/p>\r\n<ol start=\"7\">\r\n<li><strong>Trasferimento dei dati\u00a0all\u2019estero:<\/strong><\/li>\r\n<\/ol>\r\n<p>Anche se al momento tutti i soggetti che trattano i dati per conto delle Societ\u00e0 come responsabili esterni del trattamento sono stabiliti all\u2019interno dell\u2019Unione Europea, nel futuro potrebbe essere necessario conferire tali dati anche a soggetti che possono essere stabiliti fuori dell\u2019Unione Europea, in Paesi che non garantiscono ai dati personali un livello di protezione adeguato ai sensi\u00a0 del Regolamento Europeo per la Protezione dei dati RE. EU 679\/2016. Le Societ\u00e0 trasferiranno, eventualmente, i dati fuori dell\u2019Unione Europea solo previa adozione delle precauzioni stabilite dal Regolamento Europeo e dopo aver ottenuto dai soggetti indicati le necessarie garanzie e con il consenso degli interessati.<\/p>\r\n<p>&nbsp;<\/p>\r\n<ol start=\"8\">\r\n<li><strong>Per quanto tempo conserviamo i dati:<\/strong><\/li>\r\n<\/ol>\r\n<p>Le Societ\u00e0 conservano e trattano i dati personali per il tempo necessario ad adempiere alle finalit\u00e0 indicate. Successivamente, i dati personali saranno conservati, e non ulteriormente trattati, secondo quanto viene documentato nel Registro di trattamento. Il periodo di conservazione pu\u00f2 variare in modo significativo in base a: le finalit\u00e0, il tipo di dato trattato, gli obblighi di legge.<br \/>Nel caso in cui i dati fossero trattati nell\u2019ambito di un progetto finanziato da soggetti istituzionali, i tempi di conservazione potrebbero essere subordinati a quanto previsto dal bando dell\u2019Ente.<br \/>Quando non \u00e8 pi\u00f9 necessario conservare i dati personali questi verranno cancellati o deindicizzati o distrutti in modo sicuro in conformit\u00e0 alla nostra privacy policy.<\/p>\r\n<p>&nbsp;<\/p>\r\n<ol start=\"9\">\r\n<li><strong>Quali sono i diritti esercitabili:<\/strong><\/li>\r\n<\/ol>\r\n<p>Ai sensi degli articoli, dal 15 al 22, del Regolamento Europeo per la Protezione dei dati RE. EU 679\/2016, l\u2019Interessato ha diritto e pu\u00f2 esercitare i seguenti diritti:<\/p>\r\n<p><strong><br \/>DIRITTI<\/strong><\/p>\r\n<p>a) Chiedere la conferma dell\u2019esistenza o meno di propri dati personali che lo riguardano, anche se non ancora registrati, e la loro comunicazione in forma intelligibile<br \/>b) Ottenere le indicazioni circa le finalit\u00e0 del trattamento, le categorie dei dati personali, i destinatari o le categorie di destinatari a cui i dati personali sono stati o saranno comunicati e, quando possibile, il periodo di conservazione;<br \/>c) Ottenere la rettifica e la cancellazione dei dati;<br \/>d) Ottenere la limitazione del trattamento;<br \/>e) Ottenere la portabilit\u00e0 dei dati, ossia riceverli da un titolare del trattamento, in un formato strutturato, di uso comune e leggibile da dispositivo automatico, e trasmetterli ad un altro titolare del trattamento senza impedimenti;<br \/>f) Opporsi al trattamento in qualsiasi momento ed anche nel caso di trattamento per finalit\u00e0 di marketing diretto;<br \/>g) Opporsi ad un processo decisionale automatizzato relativo alle persone \ufb01siche, compresa la profilazione.<br \/>h) Chiedere al titolare del trattamento l\u2019accesso ai dati personali e la rettifica o la cancellazione degli stessi o la limitazione del trattamento che lo riguardano o di opporsi al loro trattamento, oltre al diritto alla portabilit\u00e0 dei dati;<br \/>i) Revocare il consenso in qualsiasi momento senza pregiudicare la liceit\u00e0 del trattamento basata sul consenso prestato prima della revoca.<\/p>\r\n<p>Gli stessi, ove da lei esercitabili potranno essere fatti valere scrivendo a:\u00a0<a href=\"mailto:info@sportellostage.it\">info@sportellostage.it<\/a>\/\u00a0<a href=\"mailto:info@recru.it\">info@recru.it<\/a>\u00a0specificando l\u2019oggetto della richiesta, il diritto che l\u2019interessato intende esercitare e allegando fotocopia di un documento di identit\u00e0 che attesti la legittimit\u00e0 della richiesta.<\/p>\r\n<p>&nbsp;<\/p>\r\n<ol start=\"10\">\r\n<li><strong>Proposizione di reclamo:<\/strong><\/li>\r\n<\/ol>\r\n<p>L\u2019interessato ha il diritto di proporre reclamo all\u2019autorit\u00e0 di controllo dello Stato di residenza. Per avere maggiori informazioni sul diritto di proporre reclamo si pu\u00f2 visitare la seguente pagina web:\u00a0<a href=\"http:\/\/www.garanteprivacy.it\/\" target=\"_blank\" rel=\"noopener\">www.garanteprivacy.it<\/a><\/p>\r\n<p>&nbsp;<\/p>\r\n<ol start=\"11\">\r\n<li><strong>Responsabile della protezione dei dati:<\/strong><\/li>\r\n<\/ol>\r\n<p>Ritenendo di primaria importanza la tutela dei dati personali degli interessati, le societ\u00e0 hanno nominato un responsabile della protezione dei dati (DPO) che potr\u00e0 essere contattato scrivendo all\u2019indirizzo mail\u00a0<a href=\"mailto:dpo@actl.it\">dpo@actl.it<\/a>\/ dpo@recru.it per ogni tematica riguardante la protezione dei dati personali.<\/p>","protected":false},"excerpt":{"rendered":"<p>Che dati trattiamo: I dati personali trattati sono dati anagrafici e di contatto, forniti o ricevuti dall\u2019interessato in occasione di: Iscrizione al portale job on cloud all\u2019interno dei siti sopra citati; Telefonate o email; Contatti diretti ottenuti a seguito della partecipazione ad eventi, ecc.; Contatti diretti a seguito dell\u2019invio di richieste tramite l\u2019indirizzo di posta [&hellip;]<\/p>\n","protected":false},"author":1,"featured_media":0,"parent":0,"menu_order":0,"comment_status":"closed","ping_status":"closed","template":"","meta":{"_acf_changed":false,"inline_featured_image":false,"footnotes":""},"class_list":["post-3","page","type-page","status-publish","hentry"],"acf":[],"_links":{"self":[{"href":"https:\/\/www.recru.it\/index.php?rest_route=\/wp\/v2\/pages\/3","targetHints":{"allow":["GET"]}}],"collection":[{"href":"https:\/\/www.recru.it\/index.php?rest_route=\/wp\/v2\/pages"}],"about":[{"href":"https:\/\/www.recru.it\/index.php?rest_route=\/wp\/v2\/types\/page"}],"author":[{"embeddable":true,"href":"https:\/\/www.recru.it\/index.php?rest_route=\/wp\/v2\/users\/1"}],"replies":[{"embeddable":true,"href":"https:\/\/www.recru.it\/index.php?rest_route=%2Fwp%2Fv2%2Fcomments&post=3"}],"version-history":[{"count":0,"href":"https:\/\/www.recru.it\/index.php?rest_route=\/wp\/v2\/pages\/3\/revisions"}],"wp:attachment":[{"href":"https:\/\/www.recru.it\/index.php?rest_route=%2Fwp%2Fv2%2Fmedia&parent=3"}],"curies":[{"name":"wp","href":"https:\/\/api.w.org\/{rel}","templated":true}]}}